{"id":2047,"date":"2024-05-17T10:50:00","date_gmt":"2024-05-17T10:50:00","guid":{"rendered":"http:\/\/dgmeu.xyz\/?page_id=2047"},"modified":"2024-05-17T12:10:09","modified_gmt":"2024-05-17T12:10:09","slug":"preisangebot","status":"publish","type":"page","link":"https:\/\/dogamakina.com\/de\/preisangebot\/","title":{"rendered":"Preisangebot"},"content":{"rendered":"<div data-elementor-type=\"wp-page\" data-elementor-id=\"2047\" class=\"elementor elementor-2047\">\n\t\t\t\t<div class=\"elementor-element elementor-element-1b6161c e-flex e-con-boxed e-con e-parent\" data-id=\"1b6161c\" data-element_type=\"container\" data-e-type=\"container\" data-settings=\"{&quot;background_background&quot;:&quot;slideshow&quot;,&quot;background_slideshow_gallery&quot;:[],&quot;background_slideshow_loop&quot;:&quot;yes&quot;,&quot;background_slideshow_slide_duration&quot;:5000,&quot;background_slideshow_slide_transition&quot;:&quot;fade&quot;,&quot;background_slideshow_transition_duration&quot;:500}\">\n\t\t\t\t\t<div class=\"e-con-inner\">\n\t\t<div class=\"elementor-element elementor-element-a621323 e-con-full e-flex e-con e-child\" data-id=\"a621323\" data-element_type=\"container\" data-e-type=\"container\">\n\t\t\t\t<div class=\"elementor-element elementor-element-2ff45f2 elementor-widget elementor-widget-heading\" data-id=\"2ff45f2\" data-element_type=\"widget\" data-e-type=\"widget\" data-widget_type=\"heading.default\">\n\t\t\t\t<div class=\"elementor-widget-container\">\n\t\t\t\t\t<h1 class=\"elementor-heading-title elementor-size-default\">Preisangebot<\/h1>\t\t\t\t<\/div>\n\t\t\t\t<\/div>\n\t\t\t\t<\/div>\n\t\t\t\t\t<\/div>\n\t\t\t\t<\/div>\n\t\t<div class=\"elementor-element elementor-element-36c9f69 e-flex e-con-boxed e-con e-parent\" data-id=\"36c9f69\" data-element_type=\"container\" data-e-type=\"container\">\n\t\t\t\t\t<div class=\"e-con-inner\">\n\t\t\t\t<div class=\"elementor-element elementor-element-698060e elementor-widget elementor-widget-heading\" data-id=\"698060e\" data-element_type=\"widget\" data-e-type=\"widget\" data-widget_type=\"heading.default\">\n\t\t\t\t<div class=\"elementor-widget-container\">\n\t\t\t\t\t<h2 class=\"elementor-heading-title elementor-size-default\">Angebot f\u00fcr die Bearbeitung anfordern<\/h2>\t\t\t\t<\/div>\n\t\t\t\t<\/div>\n\t\t\t\t<div class=\"elementor-element elementor-element-9c1175a elementor-widget elementor-widget-text-editor\" data-id=\"9c1175a\" data-element_type=\"widget\" data-e-type=\"widget\" data-widget_type=\"text-editor.default\">\n\t\t\t\t<div class=\"elementor-widget-container\">\n\t\t\t\t\t\t\t\t\t<p>Bei der Erstellung eines Angebots f\u00fcr die Bearbeitung ber\u00fccksichtigen wir Faktoren wie die Art des Materials, die Abmessungen und die Komplexit\u00e4t der Bearbeitung des Werkst\u00fccks. Zun\u00e4chst pr\u00fcfen wir die technischen Zeichnungen und Spezifikationen des Werkst\u00fccks. Dann berechnen wir die Materialkosten, die Bearbeitungszeit, die verwendeten CNC-Maschinen und die Kosten f\u00fcr die Schneidwerkzeuge. Die Arbeitskosten und die Lieferzeit werden ebenfalls in das Angebot einbezogen. Auf der Grundlage all dieser Angaben unterbreiten wir unseren Kunden ein wettbewerbsf\u00e4higes und detailliertes Bearbeitungsangebot. Nehmen Sie Kontakt mit uns auf, um weitere Informationen \u00fcber unsere Bearbeitungsdienstleistungen zu erhalten.<\/p>\t\t\t\t\t\t\t\t<\/div>\n\t\t\t\t<\/div>\n\t\t\t\t\t<\/div>\n\t\t\t\t<\/div>\n\t\t<div class=\"elementor-element elementor-element-e5ca692 e-flex e-con-boxed e-con e-parent\" data-id=\"e5ca692\" data-element_type=\"container\" data-e-type=\"container\">\n\t\t\t\t\t<div class=\"e-con-inner\">\n\t\t<div class=\"elementor-element elementor-element-3114466 e-con-full e-flex e-con e-child\" data-id=\"3114466\" data-element_type=\"container\" data-e-type=\"container\">\n\t\t\t\t<\/div>\n\t\t<div class=\"elementor-element elementor-element-8fb80cb e-con-full e-flex e-con e-child\" data-id=\"8fb80cb\" data-element_type=\"container\" data-e-type=\"container\">\n\t\t\t\t<div class=\"elementor-element elementor-element-7fbbe58 elementor-widget elementor-widget-heading\" data-id=\"7fbbe58\" data-element_type=\"widget\" data-e-type=\"widget\" data-widget_type=\"heading.default\">\n\t\t\t\t<div class=\"elementor-widget-container\">\n\t\t\t\t\t<h2 class=\"elementor-heading-title elementor-size-default\">F\u00fcllen Sie jetzt das Formular aus<\/h2>\t\t\t\t<\/div>\n\t\t\t\t<\/div>\n\t\t\t\t<\/div>\n\t\t\t\t\t<\/div>\n\t\t\t\t<\/div>\n\t\t<div class=\"elementor-element elementor-element-86b0f43 e-grid e-con-boxed e-con e-parent\" data-id=\"86b0f43\" data-element_type=\"container\" data-e-type=\"container\">\n\t\t\t\t\t<div class=\"e-con-inner\">\n\t\t\t\t<div class=\"elementor-element elementor-element-924c3df elementor-widget elementor-widget-video\" data-id=\"924c3df\" data-element_type=\"widget\" data-e-type=\"widget\" data-settings=\"{&quot;video_type&quot;:&quot;hosted&quot;,&quot;autoplay&quot;:&quot;yes&quot;,&quot;play_on_mobile&quot;:&quot;yes&quot;,&quot;mute&quot;:&quot;yes&quot;,&quot;loop&quot;:&quot;yes&quot;}\" data-widget_type=\"video.default\">\n\t\t\t\t<div class=\"elementor-widget-container\">\n\t\t\t\t\t\t\t<div class=\"e-hosted-video elementor-wrapper elementor-open-inline\">\n\t\t\t\t\t<video class=\"elementor-video\" src=\"http:\/\/dogamakina.com\/wp-content\/uploads\/2024\/05\/talasli-imalat-fiyat-teklifi.mp4\" autoplay=\"\" loop=\"\" muted=\"muted\" playsinline=\"\" controlslist=\"nodownload\" poster=\"http:\/\/dogamakina.com\/wp-content\/uploads\/2024\/05\/mazak-5-scaled.jpg\"><\/video>\n\t\t\t\t<\/div>\n\t\t\t\t\t\t<\/div>\n\t\t\t\t<\/div>\n\t\t\t\t<div class=\"elementor-element elementor-element-b1b492e elementor-widget elementor-widget-html\" data-id=\"b1b492e\" data-element_type=\"widget\" data-e-type=\"widget\" data-widget_type=\"html.default\">\n\t\t\t\t<div class=\"elementor-widget-container\">\n\t\t\t\t\t<div class=\"forminator-ui forminator-custom-form forminator-custom-form-1863 forminator-design--default  forminator_ajax\" data-forminator-render=\"1\" data-form=\"forminator-module-1863\" data-uid=\"69e7b33b2f513\"><br\/><\/div><form\n\t\t\t\tid=\"forminator-module-1863\"\n\t\t\t\tclass=\"forminator-ui forminator-custom-form forminator-custom-form-1863 forminator-design--default  forminator_ajax\"\n\t\t\t\tmethod=\"post\"\n\t\t\t\tdata-forminator-render=\"1\"\n\t\t\t\tdata-form-id=\"1863\"\n\t\t\t\tenctype=\"multipart\/form-data\" data-color-option=\"default\" data-design=\"default\" data-grid=\"open\" style=\"display: none;\"\n\t\t\t\tdata-uid=\"69e7b33b2f513\" action=\"\"\n\t\t\t><div role=\"alert\" aria-live=\"polite\" class=\"forminator-response-message forminator-error\" aria-hidden=\"true\"><\/div><div class=\"forminator-row\"><div id=\"checkbox-1\" class=\"forminator-field-checkbox forminator-col forminator-col-12\"><div role=\"group\" class=\"forminator-field\" aria-labelledby=\"forminator-checkbox-group-forminator-field-checkbox-1-69e7b33b2f513-label\"><span id=\"forminator-checkbox-group-forminator-field-checkbox-1-69e7b33b2f513-label\" class=\"forminator-label\">Dienstleistungen<\/span><label id=\"forminator-field-checkbox-1-1-69e7b33b2f513-label\" for=\"forminator-field-checkbox-1-1-69e7b33b2f513\" class=\"forminator-checkbox\" title=\"Cnc-Drehmaschine\"><input type=\"checkbox\" name=\"checkbox-1[]\" value=\"service-1\" id=\"forminator-field-checkbox-1-1-69e7b33b2f513\" aria-labelledby=\"forminator-field-checkbox-1-1-69e7b33b2f513-label\" data-calculation=\"0\" checked=\"checked\" \/><span class=\"forminator-checkbox-box\" aria-hidden=\"true\"><\/span><span class=\"forminator-checkbox-label\">Cnc-Drehmaschine<\/span><\/label><label id=\"forminator-field-checkbox-1-2-69e7b33b2f513-label\" for=\"forminator-field-checkbox-1-2-69e7b33b2f513\" class=\"forminator-checkbox\" title=\"Cnc-Fr\u00e4sen\"><input type=\"checkbox\" name=\"checkbox-1[]\" value=\"service-2\" id=\"forminator-field-checkbox-1-2-69e7b33b2f513\" aria-labelledby=\"forminator-field-checkbox-1-2-69e7b33b2f513-label\" data-calculation=\"0\" checked=\"checked\" \/><span class=\"forminator-checkbox-box\" aria-hidden=\"true\"><\/span><span class=\"forminator-checkbox-label\">Cnc-Fr\u00e4sen<\/span><\/label><\/div><\/div><\/div><div class=\"forminator-row\"><div id=\"name-1\" class=\"forminator-field-name forminator-col forminator-col-12\"><div class=\"forminator-row forminator-no-margin\" data-multiple=\"true\"><div class=\"forminator-col forminator-col-md-6\"><div class=\"forminator-field\"><label for=\"forminator-field-first-name-1_69e7b33b2f513\" id=\"forminator-field-first-name-1_69e7b33b2f513-label\" class=\"forminator-label\">Ihr Name <span class=\"forminator-required\">*<\/span><\/label><input type=\"text\" name=\"name-1-first-name\" placeholder=\"Anzeige\" id=\"forminator-field-first-name-1_69e7b33b2f513\" class=\"forminator-input\" aria-required=\"true\" data-multi=\"1\" autocomplete=\"given-name\" value=\"\" \/><\/div><\/div><div class=\"forminator-col forminator-col-md-6\"><div class=\"forminator-field\"><label for=\"forminator-field-last-name-1_69e7b33b2f513\" id=\"forminator-field-last-name-1_69e7b33b2f513-label\" class=\"forminator-label\">Nachname <span class=\"forminator-required\">*<\/span><\/label><input type=\"text\" name=\"name-1-last-name\" placeholder=\"Nachname\" id=\"forminator-field-last-name-1_69e7b33b2f513\" class=\"forminator-input\" aria-required=\"true\" data-multi=\"1\" autocomplete=\"family-name\" value=\"\" \/><\/div><\/div><\/div><\/div><\/div><div class=\"forminator-row\"><div id=\"email-1\" class=\"forminator-field-email forminator-col forminator-col-12\"><div class=\"forminator-field\"><label for=\"forminator-field-email-1_69e7b33b2f513\" id=\"forminator-field-email-1_69e7b33b2f513-label\" class=\"forminator-label\">E-Mail Adresse <span class=\"forminator-required\">*<\/span><\/label><input type=\"email\" name=\"email-1\" value=\"\" placeholder=\"isim@sirket.com\" id=\"forminator-field-email-1_69e7b33b2f513\" class=\"forminator-input forminator-email--field\" data-required=\"true\" aria-required=\"true\" autocomplete=\"email\" \/><\/div><\/div><\/div><div class=\"forminator-row\"><div id=\"phone-1\" class=\"forminator-field-phone forminator-col forminator-col-12\"><div class=\"forminator-field\"><label for=\"forminator-field-phone-1_69e7b33b2f513\" id=\"forminator-field-phone-1_69e7b33b2f513-label\" class=\"forminator-label\">Telefon Nummer <span class=\"forminator-required\">*<\/span><\/label><input type=\"text\" name=\"phone-1\" value=\"\" placeholder=\"+9 3004005000\" id=\"forminator-field-phone-1_69e7b33b2f513\" class=\"forminator-input forminator-field--phone\" data-required=\"1\" aria-required=\"true\" autocomplete=\"off\" data-validation=\"1\" \/><\/div><\/div><\/div><div class=\"forminator-row\"><div id=\"select-1\" class=\"forminator-field-select forminator-col forminator-col-12\"><div class=\"forminator-field\"><label for=\"forminator-form-1863__field--select-1_69e7b33b2f513\" id=\"forminator-form-1863__field--select-1_69e7b33b2f513-label\" class=\"forminator-label\">Anzahl der Produktion<\/label><select  id=\"forminator-form-1863__field--select-1_69e7b33b2f513\" class=\"forminator-select--field forminator-select2 forminator-select2-multiple\" data-required=\"\" name=\"select-1\" data-default-value=\"\" data-hidden-behavior=\"zero\" data-placeholder=\"\" data-search=\"false\" data-search-placeholder=\"\" data-checkbox=\"false\" data-allow-clear=\"false\" aria-labelledby=\"forminator-form-1863__field--select-1_69e7b33b2f513-label\"><option value=\"one\"  data-calculation=\"0\">1-50<\/option><option value=\"two\"  data-calculation=\"0\">51-100<\/option><option value=\"101-300\"  data-calculation=\"0\">101-300<\/option><option value=\"301-500\"  data-calculation=\"0\">301-500<\/option><option value=\"501-1000\"  data-calculation=\"0\">501-1000<\/option><option value=\"1001-ve-\u00fczeri\"  data-calculation=\"0\">1001 und h\u00f6her<\/option><\/select><\/div><\/div><\/div><div class=\"forminator-row\"><div id=\"textarea-1\" class=\"forminator-field-textarea forminator-col forminator-col-12\"><div class=\"forminator-field\"><label for=\"forminator-field-textarea-1_69e7b33b2f513\" id=\"forminator-field-textarea-1_69e7b33b2f513-label\" class=\"forminator-label\">Zus\u00e4tzliche Hinweise<\/label><textarea name=\"textarea-1\" placeholder=\"Material, Menge, Beschichtung, Termin usw.\" id=\"forminator-field-textarea-1_69e7b33b2f513\" class=\"forminator-textarea\" rows=\"6\" style=\"--forminator-textarea-min-height:140px;\" maxlength=\"180\" aria-describedby=\"forminator-field-textarea-1_69e7b33b2f513-description\" ><\/textarea><span id=\"forminator-field-textarea-1_69e7b33b2f513-description\" class=\"forminator-description\">Material, Menge, Beschichtung, Termin usw.<span data-limit=\"180\" data-type=\"characters\" data-editor=\"\">0 \/ 180<\/span><\/span><\/div><\/div><\/div><div class=\"forminator-row\"><div id=\"upload-1\" class=\"forminator-field-upload forminator-col forminator-col-12\"><div class=\"forminator-field\"><label for=\"forminator-field-upload-1_69e7b33b2f513\" id=\"forminator-field-upload-1_69e7b33b2f513-label\" class=\"forminator-label\">Datei hochladen<\/label><div class=\"forminator-multi-upload\" data-element=\"upload-1_69e7b33b2f513\" aria-describedby=\"forminator-field-upload-1_69e7b33b2f513-description\"><input type=\"file\" name=\"upload-1[]\" id=\"forminator-field-upload-1_69e7b33b2f513\" class=\"forminator-input-file forminator-field-upload-1_69e7b33b2f513-1863\" multiple=\"multiple\" data-method=\"ajax\" accept=\".jpg,.jpeg,.jpe,.gif,.png,.bmp,.tiff,.tif,.webp,.avif,.ico,.heic,.tar,.zip,.gz,.gzip,.7z,.psd,.xcf,.svgz,.json,.pdf,.sldprt,.sldasm,.slddrw,.prtdot,.asmdot,.drwdot,.slddrt,.sldlfp,.sldftp,.sldctm,.igs,.iges,.step,.stp,.stl,.prtprp,.asmprp,.drwprp,.sldmat,.sldblk,.X_T,.dxf,.dwg\" data-size=\"8000000\" data-size-message=\"Die maximale Dateigr\u00f6\u00dfe betr\u00e4gt 8 MB. \" data-filetype=\"jpg|jpeg|jpe|gif|png|bmp|tiff|tif|webp|avif|ico|heic|tar|zip|gz|gzip|7z|psd|xcf|svgz|json|pdf|sldprt|sldasm|slddrw|prtdot|asmdot|drwdot|slddrt|sldlfp|sldftp|sldctm|igs|iges|step|stp|stl|prtprp|asmprp|drwprp|sldmat|sldblk|X_T|dxf|dwg\" data-filetype-message=\"Dateierweiterung ist nicht erlaubt.\"><div class=\"forminator-multi-upload-message\" aria-hidden=\"true\"><span class=\"forminator-icon-upload\" aria-hidden=\"true\"><\/span><p>Ziehen und Ablegen (oder) <a class=\"forminator-upload-file--forminator-field-upload-1_69e7b33b2f513\" href=\"#\" onclick=\"return false;\">W\u00e4hle Dateien<\/a><\/p><\/div><\/div><span id=\"forminator-field-upload-1_69e7b33b2f513-description\" class=\"forminator-description\">Sie k\u00f6nnen mehrere Dateien senden<\/span><ul class=\"forminator-uploaded-files upload-container-upload-1_69e7b33b2f513\"><\/ul><\/div><\/div><\/div><input type=\"hidden\" name=\"referer_url\" value=\"\" \/><div class=\"forminator-row forminator-row-last\"><div class=\"forminator-col\"><div class=\"forminator-field\"><button class=\"forminator-button forminator-button-submit\">Aufforderung zur Einreichung von Vorschl\u00e4gen<\/button><\/div><\/div><\/div><input type=\"hidden\" id=\"forminator_nonce\" name=\"forminator_nonce\" value=\"822e7aee43\" \/><input type=\"hidden\" name=\"_wp_http_referer\" value=\"\/de\/wp-json\/wp\/v2\/pages\/2047\" \/><input type=\"hidden\" name=\"form_id\" value=\"1863\"><input type=\"hidden\" name=\"page_id\" value=\"2047\"><input type=\"hidden\" name=\"form_type\" value=\"default\"><input type=\"hidden\" name=\"current_url\" value=\"https:\/\/dogamakina.com\/de\/preisangebot\/\"><input type=\"hidden\" name=\"render_id\" value=\"1\"><input type=\"hidden\" name=\"forminator-multifile-hidden\" class=\"forminator-multifile-hidden\"><input type=\"hidden\" name=\"action\" value=\"forminator_submit_form_custom-forms\"><label for=\"input_8\" class=\"forminator-hidden\" aria-hidden=\"true\">Bitte f\u00fcllen Sie dieses Feld nicht aus. <input id=\"input_8\" type=\"text\" name=\"input_8\" value=\"\" autocomplete=\"off\"><\/label><label for=\"input_8\" class=\"forminator-hidden\" aria-hidden=\"true\">Bitte f\u00fcllen Sie dieses Feld nicht aus. <input id=\"input_8\" type=\"text\" name=\"input_8\" value=\"\" autocomplete=\"off\"><\/label><input type=\"hidden\" name=\"trp-form-language\" value=\"de\"\/><\/form>\t\t\t\t<\/div>\n\t\t\t\t<\/div>\n\t\t\t\t\t<\/div>\n\t\t\t\t<\/div>\n\t\t\t\t<\/div>","protected":false},"excerpt":{"rendered":"<p>fiyat teklifi Tala\u015fl\u0131 \u0130malat Fiyat Teklifi \u0130ste Tala\u015fl\u0131 imalat teklifi haz\u0131rlarken, i\u015f par\u00e7as\u0131n\u0131n malzeme t\u00fcr\u00fc, boyutlar\u0131 ve i\u015flenme karma\u015f\u0131kl\u0131\u011f\u0131 gibi [&hellip;]<\/p>\n","protected":false},"author":1,"featured_media":0,"parent":0,"menu_order":0,"comment_status":"closed","ping_status":"closed","template":"","meta":{"_uag_custom_page_level_css":"","site-sidebar-layout":"no-sidebar","site-content-layout":"page-builder","ast-site-content-layout":"","site-content-style":"default","site-sidebar-style":"default","ast-global-header-display":"","ast-banner-title-visibility":"","ast-main-header-display":"","ast-hfb-above-header-display":"","ast-hfb-below-header-display":"","ast-hfb-mobile-header-display":"","site-post-title":"disabled","ast-breadcrumbs-content":"disabled","ast-featured-img":"disabled","footer-sml-layout":"","theme-transparent-header-meta":"enabled","adv-header-id-meta":"","stick-header-meta":"","header-above-stick-meta":"","header-main-stick-meta":"","header-below-stick-meta":"","astra-migrate-meta-layouts":"default","ast-page-background-enabled":"default","ast-page-background-meta":{"desktop":{"background-color":"var(--ast-global-color-4)","background-image":"","background-repeat":"repeat","background-position":"center center","background-size":"auto","background-attachment":"scroll","background-type":"","background-media":"","overlay-type":"","overlay-color":"","overlay-gradient":""},"tablet":{"background-color":"","background-image":"","background-repeat":"repeat","background-position":"center center","background-size":"auto","background-attachment":"scroll","background-type":"","background-media":"","overlay-type":"","overlay-color":"","overlay-gradient":""},"mobile":{"background-color":"","background-image":"","background-repeat":"repeat","background-position":"center center","background-size":"auto","background-attachment":"scroll","background-type":"","background-media":"","overlay-type":"","overlay-color":"","overlay-gradient":""}},"ast-content-background-meta":{"desktop":{"background-color":"var(--ast-global-color-5)","background-image":"","background-repeat":"repeat","background-position":"center center","background-size":"auto","background-attachment":"scroll","background-type":"","background-media":"","overlay-type":"","overlay-color":"","overlay-gradient":""},"tablet":{"background-color":"var(--ast-global-color-5)","background-image":"","background-repeat":"repeat","background-position":"center center","background-size":"auto","background-attachment":"scroll","background-type":"","background-media":"","overlay-type":"","overlay-color":"","overlay-gradient":""},"mobile":{"background-color":"var(--ast-global-color-5)","background-image":"","background-repeat":"repeat","background-position":"center center","background-size":"auto","background-attachment":"scroll","background-type":"","background-media":"","overlay-type":"","overlay-color":"","overlay-gradient":""}},"footnotes":""},"class_list":["post-2047","page","type-page","status-publish","hentry"],"uagb_featured_image_src":{"full":false,"thumbnail":false,"medium":false,"medium_large":false,"large":false,"1536x1536":false,"2048x2048":false,"trp-custom-language-flag":false},"uagb_author_info":{"display_name":"admin","author_link":"https:\/\/dogamakina.com\/de\/author\/gokahn\/"},"uagb_comment_info":0,"uagb_excerpt":"fiyat teklifi Tala\u015fl\u0131 \u0130malat Fiyat Teklifi \u0130ste Tala\u015fl\u0131 imalat teklifi haz\u0131rlarken, i\u015f par\u00e7as\u0131n\u0131n malzeme t\u00fcr\u00fc, boyutlar\u0131 ve i\u015flenme karma\u015f\u0131kl\u0131\u011f\u0131 gibi [&hellip;]","_links":{"self":[{"href":"https:\/\/dogamakina.com\/de\/wp-json\/wp\/v2\/pages\/2047","targetHints":{"allow":["GET"]}}],"collection":[{"href":"https:\/\/dogamakina.com\/de\/wp-json\/wp\/v2\/pages"}],"about":[{"href":"https:\/\/dogamakina.com\/de\/wp-json\/wp\/v2\/types\/page"}],"author":[{"embeddable":true,"href":"https:\/\/dogamakina.com\/de\/wp-json\/wp\/v2\/users\/1"}],"replies":[{"embeddable":true,"href":"https:\/\/dogamakina.com\/de\/wp-json\/wp\/v2\/comments?post=2047"}],"version-history":[{"count":40,"href":"https:\/\/dogamakina.com\/de\/wp-json\/wp\/v2\/pages\/2047\/revisions"}],"predecessor-version":[{"id":2091,"href":"https:\/\/dogamakina.com\/de\/wp-json\/wp\/v2\/pages\/2047\/revisions\/2091"}],"wp:attachment":[{"href":"https:\/\/dogamakina.com\/de\/wp-json\/wp\/v2\/media?parent=2047"}],"curies":[{"name":"wp","href":"https:\/\/api.w.org\/{rel}","templated":true}]}}