{"id":2047,"date":"2024-05-17T10:50:00","date_gmt":"2024-05-17T10:50:00","guid":{"rendered":"http:\/\/dgmeu.xyz\/?page_id=2047"},"modified":"2024-05-17T12:10:09","modified_gmt":"2024-05-17T12:10:09","slug":"price-offer","status":"publish","type":"page","link":"https:\/\/dogamakina.com\/en\/price-offer\/","title":{"rendered":"Price Offer"},"content":{"rendered":"<div data-elementor-type=\"wp-page\" data-elementor-id=\"2047\" class=\"elementor elementor-2047\">\n\t\t\t\t<div class=\"elementor-element elementor-element-1b6161c e-flex e-con-boxed e-con e-parent\" data-id=\"1b6161c\" data-element_type=\"container\" data-e-type=\"container\" data-settings=\"{&quot;background_background&quot;:&quot;slideshow&quot;,&quot;background_slideshow_gallery&quot;:[],&quot;background_slideshow_loop&quot;:&quot;yes&quot;,&quot;background_slideshow_slide_duration&quot;:5000,&quot;background_slideshow_slide_transition&quot;:&quot;fade&quot;,&quot;background_slideshow_transition_duration&quot;:500}\">\n\t\t\t\t\t<div class=\"e-con-inner\">\n\t\t<div class=\"elementor-element elementor-element-a621323 e-con-full e-flex e-con e-child\" data-id=\"a621323\" data-element_type=\"container\" data-e-type=\"container\">\n\t\t\t\t<div class=\"elementor-element elementor-element-2ff45f2 elementor-widget elementor-widget-heading\" data-id=\"2ff45f2\" data-element_type=\"widget\" data-e-type=\"widget\" data-widget_type=\"heading.default\">\n\t\t\t\t<div class=\"elementor-widget-container\">\n\t\t\t\t\t<h1 class=\"elementor-heading-title elementor-size-default\">price offer<\/h1>\t\t\t\t<\/div>\n\t\t\t\t<\/div>\n\t\t\t\t<\/div>\n\t\t\t\t\t<\/div>\n\t\t\t\t<\/div>\n\t\t<div class=\"elementor-element elementor-element-36c9f69 e-flex e-con-boxed e-con e-parent\" data-id=\"36c9f69\" data-element_type=\"container\" data-e-type=\"container\">\n\t\t\t\t\t<div class=\"e-con-inner\">\n\t\t\t\t<div class=\"elementor-element elementor-element-698060e elementor-widget elementor-widget-heading\" data-id=\"698060e\" data-element_type=\"widget\" data-e-type=\"widget\" data-widget_type=\"heading.default\">\n\t\t\t\t<div class=\"elementor-widget-container\">\n\t\t\t\t\t<h2 class=\"elementor-heading-title elementor-size-default\">Request Machining Quotation<\/h2>\t\t\t\t<\/div>\n\t\t\t\t<\/div>\n\t\t\t\t<div class=\"elementor-element elementor-element-9c1175a elementor-widget elementor-widget-text-editor\" data-id=\"9c1175a\" data-element_type=\"widget\" data-e-type=\"widget\" data-widget_type=\"text-editor.default\">\n\t\t\t\t<div class=\"elementor-widget-container\">\n\t\t\t\t\t\t\t\t\t<p>When preparing a machining quotation, we take into account factors such as the material type, dimensions and machining complexity of the workpiece. Firstly, we examine the technical drawings and specifications of the workpiece. Then, we calculate the material cost, machining time, CNC machines used and cutting tool costs. Labour costs and delivery time are also included in the quotation. Based on all these details, we provide our customers with a competitive and detailed machining quotation. Contact us for more information about our machining services.<\/p>\t\t\t\t\t\t\t\t<\/div>\n\t\t\t\t<\/div>\n\t\t\t\t\t<\/div>\n\t\t\t\t<\/div>\n\t\t<div class=\"elementor-element elementor-element-e5ca692 e-flex e-con-boxed e-con e-parent\" data-id=\"e5ca692\" data-element_type=\"container\" data-e-type=\"container\">\n\t\t\t\t\t<div class=\"e-con-inner\">\n\t\t<div class=\"elementor-element elementor-element-3114466 e-con-full e-flex e-con e-child\" data-id=\"3114466\" data-element_type=\"container\" data-e-type=\"container\">\n\t\t\t\t<\/div>\n\t\t<div class=\"elementor-element elementor-element-8fb80cb e-con-full e-flex e-con e-child\" data-id=\"8fb80cb\" data-element_type=\"container\" data-e-type=\"container\">\n\t\t\t\t<div class=\"elementor-element elementor-element-7fbbe58 elementor-widget elementor-widget-heading\" data-id=\"7fbbe58\" data-element_type=\"widget\" data-e-type=\"widget\" data-widget_type=\"heading.default\">\n\t\t\t\t<div class=\"elementor-widget-container\">\n\t\t\t\t\t<h2 class=\"elementor-heading-title elementor-size-default\">Fill out the form now<\/h2>\t\t\t\t<\/div>\n\t\t\t\t<\/div>\n\t\t\t\t<\/div>\n\t\t\t\t\t<\/div>\n\t\t\t\t<\/div>\n\t\t<div class=\"elementor-element elementor-element-86b0f43 e-grid e-con-boxed e-con e-parent\" data-id=\"86b0f43\" data-element_type=\"container\" data-e-type=\"container\">\n\t\t\t\t\t<div class=\"e-con-inner\">\n\t\t\t\t<div class=\"elementor-element elementor-element-924c3df elementor-widget elementor-widget-video\" data-id=\"924c3df\" data-element_type=\"widget\" data-e-type=\"widget\" data-settings=\"{&quot;video_type&quot;:&quot;hosted&quot;,&quot;autoplay&quot;:&quot;yes&quot;,&quot;play_on_mobile&quot;:&quot;yes&quot;,&quot;mute&quot;:&quot;yes&quot;,&quot;loop&quot;:&quot;yes&quot;}\" data-widget_type=\"video.default\">\n\t\t\t\t<div class=\"elementor-widget-container\">\n\t\t\t\t\t\t\t<div class=\"e-hosted-video elementor-wrapper elementor-open-inline\">\n\t\t\t\t\t<video class=\"elementor-video\" src=\"http:\/\/dogamakina.com\/wp-content\/uploads\/2024\/05\/talasli-imalat-fiyat-teklifi.mp4\" autoplay=\"\" loop=\"\" muted=\"muted\" playsinline=\"\" controlslist=\"nodownload\" poster=\"http:\/\/dogamakina.com\/wp-content\/uploads\/2024\/05\/mazak-5-scaled.jpg\"><\/video>\n\t\t\t\t<\/div>\n\t\t\t\t\t\t<\/div>\n\t\t\t\t<\/div>\n\t\t\t\t<div class=\"elementor-element elementor-element-b1b492e elementor-widget elementor-widget-html\" data-id=\"b1b492e\" data-element_type=\"widget\" data-e-type=\"widget\" data-widget_type=\"html.default\">\n\t\t\t\t<div class=\"elementor-widget-container\">\n\t\t\t\t\t<div class=\"forminator-ui forminator-custom-form forminator-custom-form-1863 forminator-design--default  forminator_ajax\" data-forminator-render=\"0\" data-form=\"forminator-module-1863\" data-uid=\"69efafadddaaa\"><br\/><\/div><form\n\t\t\t\tid=\"forminator-module-1863\"\n\t\t\t\tclass=\"forminator-ui forminator-custom-form forminator-custom-form-1863 forminator-design--default  forminator_ajax\"\n\t\t\t\tmethod=\"post\"\n\t\t\t\tdata-forminator-render=\"0\"\n\t\t\t\tdata-form-id=\"1863\"\n\t\t\t\tenctype=\"multipart\/form-data\" data-color-option=\"default\" data-design=\"default\" data-grid=\"open\" style=\"display: none;\"\n\t\t\t\tdata-uid=\"69efafadddaaa\" action=\"\"\n\t\t\t><div role=\"alert\" aria-live=\"polite\" class=\"forminator-response-message forminator-error\" aria-hidden=\"true\"><\/div><div class=\"forminator-row\"><div id=\"checkbox-1\" class=\"forminator-field-checkbox forminator-col forminator-col-12\"><div role=\"group\" class=\"forminator-field\" aria-labelledby=\"forminator-checkbox-group-forminator-field-checkbox-1-69efafadddaaa-label\"><span id=\"forminator-checkbox-group-forminator-field-checkbox-1-69efafadddaaa-label\" class=\"forminator-label\">Services<\/span><label id=\"forminator-field-checkbox-1-1-69efafadddaaa-label\" for=\"forminator-field-checkbox-1-1-69efafadddaaa\" class=\"forminator-checkbox\" title=\"Cnc Lathe\"><input type=\"checkbox\" name=\"checkbox-1[]\" value=\"service-1\" id=\"forminator-field-checkbox-1-1-69efafadddaaa\" aria-labelledby=\"forminator-field-checkbox-1-1-69efafadddaaa-label\" data-calculation=\"0\" checked=\"checked\" \/><span class=\"forminator-checkbox-box\" aria-hidden=\"true\"><\/span><span class=\"forminator-checkbox-label\">Cnc Lathe<\/span><\/label><label id=\"forminator-field-checkbox-1-2-69efafadddaaa-label\" for=\"forminator-field-checkbox-1-2-69efafadddaaa\" class=\"forminator-checkbox\" title=\"Cnc Milling\"><input type=\"checkbox\" name=\"checkbox-1[]\" value=\"service-2\" id=\"forminator-field-checkbox-1-2-69efafadddaaa\" aria-labelledby=\"forminator-field-checkbox-1-2-69efafadddaaa-label\" data-calculation=\"0\" checked=\"checked\" \/><span class=\"forminator-checkbox-box\" aria-hidden=\"true\"><\/span><span class=\"forminator-checkbox-label\">Cnc Milling<\/span><\/label><\/div><\/div><\/div><div class=\"forminator-row\"><div id=\"name-1\" class=\"forminator-field-name forminator-col forminator-col-12\"><div class=\"forminator-row forminator-no-margin\" data-multiple=\"true\"><div class=\"forminator-col forminator-col-md-6\"><div class=\"forminator-field\"><label for=\"forminator-field-first-name-1_69efafadddaaa\" id=\"forminator-field-first-name-1_69efafadddaaa-label\" class=\"forminator-label\">Your Name <span class=\"forminator-required\">*<\/span><\/label><input type=\"text\" name=\"name-1-first-name\" placeholder=\"Ad\" id=\"forminator-field-first-name-1_69efafadddaaa\" class=\"forminator-input\" aria-required=\"true\" data-multi=\"1\" autocomplete=\"given-name\" value=\"\" \/><\/div><\/div><div class=\"forminator-col forminator-col-md-6\"><div class=\"forminator-field\"><label for=\"forminator-field-last-name-1_69efafadddaaa\" id=\"forminator-field-last-name-1_69efafadddaaa-label\" class=\"forminator-label\">Surname <span class=\"forminator-required\">*<\/span><\/label><input type=\"text\" name=\"name-1-last-name\" placeholder=\"Surname\" id=\"forminator-field-last-name-1_69efafadddaaa\" class=\"forminator-input\" aria-required=\"true\" data-multi=\"1\" autocomplete=\"family-name\" value=\"\" \/><\/div><\/div><\/div><\/div><\/div><div class=\"forminator-row\"><div id=\"email-1\" class=\"forminator-field-email forminator-col forminator-col-12\"><div class=\"forminator-field\"><label for=\"forminator-field-email-1_69efafadddaaa\" id=\"forminator-field-email-1_69efafadddaaa-label\" class=\"forminator-label\">Email Address <span class=\"forminator-required\">*<\/span><\/label><input type=\"email\" name=\"email-1\" value=\"\" placeholder=\"isim@sirket.com\" id=\"forminator-field-email-1_69efafadddaaa\" class=\"forminator-input forminator-email--field\" data-required=\"true\" aria-required=\"true\" autocomplete=\"email\" \/><\/div><\/div><\/div><div class=\"forminator-row\"><div id=\"phone-1\" class=\"forminator-field-phone forminator-col forminator-col-12\"><div class=\"forminator-field\"><label for=\"forminator-field-phone-1_69efafadddaaa\" id=\"forminator-field-phone-1_69efafadddaaa-label\" class=\"forminator-label\">Telephone Number <span class=\"forminator-required\">*<\/span><\/label><input type=\"text\" name=\"phone-1\" value=\"\" placeholder=\"+9 3004005000\" id=\"forminator-field-phone-1_69efafadddaaa\" class=\"forminator-input forminator-field--phone\" data-required=\"1\" aria-required=\"true\" autocomplete=\"off\" data-validation=\"1\" \/><\/div><\/div><\/div><div class=\"forminator-row\"><div id=\"select-1\" class=\"forminator-field-select forminator-col forminator-col-12\"><div class=\"forminator-field\"><label for=\"forminator-form-1863__field--select-1_69efafadddaaa\" id=\"forminator-form-1863__field--select-1_69efafadddaaa-label\" class=\"forminator-label\">Number of Production<\/label><select  id=\"forminator-form-1863__field--select-1_69efafadddaaa\" class=\"forminator-select--field forminator-select2 forminator-select2-multiple\" data-required=\"\" name=\"select-1\" data-default-value=\"\" data-hidden-behavior=\"zero\" data-placeholder=\"\" data-search=\"false\" data-search-placeholder=\"\" data-checkbox=\"false\" data-allow-clear=\"false\" aria-labelledby=\"forminator-form-1863__field--select-1_69efafadddaaa-label\"><option value=\"one\"  data-calculation=\"0\">1-50<\/option><option value=\"two\"  data-calculation=\"0\">51-100<\/option><option value=\"101-300\"  data-calculation=\"0\">101-300<\/option><option value=\"301-500\"  data-calculation=\"0\">301-500<\/option><option value=\"501-1000\"  data-calculation=\"0\">501-1000<\/option><option value=\"1001-ve-\u00fczeri\"  data-calculation=\"0\">1001 and above<\/option><\/select><\/div><\/div><\/div><div class=\"forminator-row\"><div id=\"textarea-1\" class=\"forminator-field-textarea forminator-col forminator-col-12\"><div class=\"forminator-field\"><label for=\"forminator-field-textarea-1_69efafadddaaa\" id=\"forminator-field-textarea-1_69efafadddaaa-label\" class=\"forminator-label\">Extra notes<\/label><textarea name=\"textarea-1\" placeholder=\"Material, quantity, coating, deadline etc.\" id=\"forminator-field-textarea-1_69efafadddaaa\" class=\"forminator-textarea\" rows=\"6\" style=\"--forminator-textarea-min-height:140px;\" maxlength=\"180\" aria-describedby=\"forminator-field-textarea-1_69efafadddaaa-description\" ><\/textarea><span id=\"forminator-field-textarea-1_69efafadddaaa-description\" class=\"forminator-description\">Material, quantity, coating, deadline etc.<span data-limit=\"180\" data-type=\"characters\" data-editor=\"\">0 \/ 180<\/span><\/span><\/div><\/div><\/div><div class=\"forminator-row\"><div id=\"upload-1\" class=\"forminator-field-upload forminator-col forminator-col-12\"><div class=\"forminator-field\"><label for=\"forminator-field-upload-1_69efafadddaaa\" id=\"forminator-field-upload-1_69efafadddaaa-label\" class=\"forminator-label\">Upload file<\/label><div class=\"forminator-multi-upload\" data-element=\"upload-1_69efafadddaaa\" aria-describedby=\"forminator-field-upload-1_69efafadddaaa-description\"><input type=\"file\" name=\"upload-1[]\" id=\"forminator-field-upload-1_69efafadddaaa\" class=\"forminator-input-file forminator-field-upload-1_69efafadddaaa-1863\" multiple=\"multiple\" data-method=\"ajax\" accept=\".jpg,.jpeg,.jpe,.gif,.png,.bmp,.tiff,.tif,.webp,.avif,.ico,.heic,.tar,.zip,.gz,.gzip,.7z,.psd,.xcf,.svgz,.json,.pdf,.sldprt,.sldasm,.slddrw,.prtdot,.asmdot,.drwdot,.slddrt,.sldlfp,.sldftp,.sldctm,.igs,.iges,.step,.stp,.stl,.prtprp,.asmprp,.drwprp,.sldmat,.sldblk,.X_T,.dxf,.dwg\" data-size=\"8000000\" data-size-message=\"Maximum file size allowed is 8 MB. \" data-filetype=\"jpg|jpeg|jpe|gif|png|bmp|tiff|tif|webp|avif|ico|heic|tar|zip|gz|gzip|7z|psd|xcf|svgz|json|pdf|sldprt|sldasm|slddrw|prtdot|asmdot|drwdot|slddrt|sldlfp|sldftp|sldctm|igs|iges|step|stp|stl|prtprp|asmprp|drwprp|sldmat|sldblk|X_T|dxf|dwg\" data-filetype-message=\"file extension is not allowed.\"><div class=\"forminator-multi-upload-message\" aria-hidden=\"true\"><span class=\"forminator-icon-upload\" aria-hidden=\"true\"><\/span><p>Drag and Drop (or) <a class=\"forminator-upload-file--forminator-field-upload-1_69efafadddaaa\" href=\"#\" onclick=\"return false;\">Choose Files<\/a><\/p><\/div><\/div><span id=\"forminator-field-upload-1_69efafadddaaa-description\" class=\"forminator-description\">You can send multiple files<\/span><ul class=\"forminator-uploaded-files upload-container-upload-1_69efafadddaaa\"><\/ul><\/div><\/div><\/div><input type=\"hidden\" name=\"referer_url\" value=\"\" \/><div class=\"forminator-row forminator-row-last\"><div class=\"forminator-col\"><div class=\"forminator-field\"><button class=\"forminator-button forminator-button-submit\">Request for Proposal<\/button><\/div><\/div><\/div><input type=\"hidden\" id=\"forminator_nonce\" name=\"forminator_nonce\" value=\"f593cd63a9\" \/><input type=\"hidden\" name=\"_wp_http_referer\" value=\"\/en\/wp-json\/wp\/v2\/pages\/2047\" \/><input type=\"hidden\" name=\"form_id\" value=\"1863\"><input type=\"hidden\" name=\"page_id\" value=\"2047\"><input type=\"hidden\" name=\"form_type\" value=\"default\"><input type=\"hidden\" name=\"current_url\" value=\"https:\/\/dogamakina.com\/en\/price-offer\/\"><input type=\"hidden\" name=\"render_id\" value=\"0\"><input type=\"hidden\" name=\"forminator-multifile-hidden\" class=\"forminator-multifile-hidden\"><input type=\"hidden\" name=\"action\" value=\"forminator_submit_form_custom-forms\"><label for=\"input_8\" class=\"forminator-hidden\" aria-hidden=\"true\">Please do not fill in this field. <input id=\"input_8\" type=\"text\" name=\"input_8\" value=\"\" autocomplete=\"off\"><\/label><input type=\"hidden\" name=\"trp-form-language\" value=\"en\"\/><\/form>\t\t\t\t<\/div>\n\t\t\t\t<\/div>\n\t\t\t\t\t<\/div>\n\t\t\t\t<\/div>\n\t\t\t\t<\/div>","protected":false},"excerpt":{"rendered":"<p>fiyat teklifi Tala\u015fl\u0131 \u0130malat Fiyat Teklifi \u0130ste Tala\u015fl\u0131 imalat teklifi haz\u0131rlarken, i\u015f par\u00e7as\u0131n\u0131n malzeme t\u00fcr\u00fc, boyutlar\u0131 ve i\u015flenme karma\u015f\u0131kl\u0131\u011f\u0131 gibi [&hellip;]<\/p>\n","protected":false},"author":1,"featured_media":0,"parent":0,"menu_order":0,"comment_status":"closed","ping_status":"closed","template":"","meta":{"_uag_custom_page_level_css":"","site-sidebar-layout":"no-sidebar","site-content-layout":"page-builder","ast-site-content-layout":"","site-content-style":"default","site-sidebar-style":"default","ast-global-header-display":"","ast-banner-title-visibility":"","ast-main-header-display":"","ast-hfb-above-header-display":"","ast-hfb-below-header-display":"","ast-hfb-mobile-header-display":"","site-post-title":"disabled","ast-breadcrumbs-content":"disabled","ast-featured-img":"disabled","footer-sml-layout":"","theme-transparent-header-meta":"enabled","adv-header-id-meta":"","stick-header-meta":"","header-above-stick-meta":"","header-main-stick-meta":"","header-below-stick-meta":"","astra-migrate-meta-layouts":"default","ast-page-background-enabled":"default","ast-page-background-meta":{"desktop":{"background-color":"var(--ast-global-color-4)","background-image":"","background-repeat":"repeat","background-position":"center center","background-size":"auto","background-attachment":"scroll","background-type":"","background-media":"","overlay-type":"","overlay-color":"","overlay-gradient":""},"tablet":{"background-color":"","background-image":"","background-repeat":"repeat","background-position":"center center","background-size":"auto","background-attachment":"scroll","background-type":"","background-media":"","overlay-type":"","overlay-color":"","overlay-gradient":""},"mobile":{"background-color":"","background-image":"","background-repeat":"repeat","background-position":"center center","background-size":"auto","background-attachment":"scroll","background-type":"","background-media":"","overlay-type":"","overlay-color":"","overlay-gradient":""}},"ast-content-background-meta":{"desktop":{"background-color":"var(--ast-global-color-5)","background-image":"","background-repeat":"repeat","background-position":"center center","background-size":"auto","background-attachment":"scroll","background-type":"","background-media":"","overlay-type":"","overlay-color":"","overlay-gradient":""},"tablet":{"background-color":"var(--ast-global-color-5)","background-image":"","background-repeat":"repeat","background-position":"center center","background-size":"auto","background-attachment":"scroll","background-type":"","background-media":"","overlay-type":"","overlay-color":"","overlay-gradient":""},"mobile":{"background-color":"var(--ast-global-color-5)","background-image":"","background-repeat":"repeat","background-position":"center center","background-size":"auto","background-attachment":"scroll","background-type":"","background-media":"","overlay-type":"","overlay-color":"","overlay-gradient":""}},"footnotes":""},"class_list":["post-2047","page","type-page","status-publish","hentry"],"uagb_featured_image_src":{"full":false,"thumbnail":false,"medium":false,"medium_large":false,"large":false,"1536x1536":false,"2048x2048":false,"trp-custom-language-flag":false},"uagb_author_info":{"display_name":"admin","author_link":"https:\/\/dogamakina.com\/en\/author\/gokahn\/"},"uagb_comment_info":0,"uagb_excerpt":"fiyat teklifi Tala\u015fl\u0131 \u0130malat Fiyat Teklifi \u0130ste Tala\u015fl\u0131 imalat teklifi haz\u0131rlarken, i\u015f par\u00e7as\u0131n\u0131n malzeme t\u00fcr\u00fc, boyutlar\u0131 ve i\u015flenme karma\u015f\u0131kl\u0131\u011f\u0131 gibi [&hellip;]","_links":{"self":[{"href":"https:\/\/dogamakina.com\/en\/wp-json\/wp\/v2\/pages\/2047","targetHints":{"allow":["GET"]}}],"collection":[{"href":"https:\/\/dogamakina.com\/en\/wp-json\/wp\/v2\/pages"}],"about":[{"href":"https:\/\/dogamakina.com\/en\/wp-json\/wp\/v2\/types\/page"}],"author":[{"embeddable":true,"href":"https:\/\/dogamakina.com\/en\/wp-json\/wp\/v2\/users\/1"}],"replies":[{"embeddable":true,"href":"https:\/\/dogamakina.com\/en\/wp-json\/wp\/v2\/comments?post=2047"}],"version-history":[{"count":40,"href":"https:\/\/dogamakina.com\/en\/wp-json\/wp\/v2\/pages\/2047\/revisions"}],"predecessor-version":[{"id":2091,"href":"https:\/\/dogamakina.com\/en\/wp-json\/wp\/v2\/pages\/2047\/revisions\/2091"}],"wp:attachment":[{"href":"https:\/\/dogamakina.com\/en\/wp-json\/wp\/v2\/media?parent=2047"}],"curies":[{"name":"wp","href":"https:\/\/api.w.org\/{rel}","templated":true}]}}