{"id":2047,"date":"2024-05-17T10:50:00","date_gmt":"2024-05-17T10:50:00","guid":{"rendered":"http:\/\/dgmeu.xyz\/?page_id=2047"},"modified":"2024-05-17T12:10:09","modified_gmt":"2024-05-17T12:10:09","slug":"oferta-de-precios","status":"publish","type":"page","link":"https:\/\/dogamakina.com\/es\/oferta-de-precios\/","title":{"rendered":"Oferta de precio"},"content":{"rendered":"<div data-elementor-type=\"wp-page\" data-elementor-id=\"2047\" class=\"elementor elementor-2047\">\n\t\t\t\t<div class=\"elementor-element elementor-element-1b6161c e-flex e-con-boxed e-con e-parent\" data-id=\"1b6161c\" data-element_type=\"container\" data-e-type=\"container\" data-settings=\"{&quot;background_background&quot;:&quot;slideshow&quot;,&quot;background_slideshow_gallery&quot;:[],&quot;background_slideshow_loop&quot;:&quot;yes&quot;,&quot;background_slideshow_slide_duration&quot;:5000,&quot;background_slideshow_slide_transition&quot;:&quot;fade&quot;,&quot;background_slideshow_transition_duration&quot;:500}\">\n\t\t\t\t\t<div class=\"e-con-inner\">\n\t\t<div class=\"elementor-element elementor-element-a621323 e-con-full e-flex e-con e-child\" data-id=\"a621323\" data-element_type=\"container\" data-e-type=\"container\">\n\t\t\t\t<div class=\"elementor-element elementor-element-2ff45f2 elementor-widget elementor-widget-heading\" data-id=\"2ff45f2\" data-element_type=\"widget\" data-e-type=\"widget\" data-widget_type=\"heading.default\">\n\t\t\t\t<div class=\"elementor-widget-container\">\n\t\t\t\t\t<h1 class=\"elementor-heading-title elementor-size-default\">oferta de precios<\/h1>\t\t\t\t<\/div>\n\t\t\t\t<\/div>\n\t\t\t\t<\/div>\n\t\t\t\t\t<\/div>\n\t\t\t\t<\/div>\n\t\t<div class=\"elementor-element elementor-element-36c9f69 e-flex e-con-boxed e-con e-parent\" data-id=\"36c9f69\" data-element_type=\"container\" data-e-type=\"container\">\n\t\t\t\t\t<div class=\"e-con-inner\">\n\t\t\t\t<div class=\"elementor-element elementor-element-698060e elementor-widget elementor-widget-heading\" data-id=\"698060e\" data-element_type=\"widget\" data-e-type=\"widget\" data-widget_type=\"heading.default\">\n\t\t\t\t<div class=\"elementor-widget-container\">\n\t\t\t\t\t<h2 class=\"elementor-heading-title elementor-size-default\">Solicitar presupuesto de mecanizado<\/h2>\t\t\t\t<\/div>\n\t\t\t\t<\/div>\n\t\t\t\t<div class=\"elementor-element elementor-element-9c1175a elementor-widget elementor-widget-text-editor\" data-id=\"9c1175a\" data-element_type=\"widget\" data-e-type=\"widget\" data-widget_type=\"text-editor.default\">\n\t\t\t\t<div class=\"elementor-widget-container\">\n\t\t\t\t\t\t\t\t\t<p>Al preparar un presupuesto de mecanizado, tenemos en cuenta factores como el tipo de material, las dimensiones y la complejidad del mecanizado de la pieza. En primer lugar, examinamos los planos t\u00e9cnicos y las especificaciones de la pieza. A continuaci\u00f3n, calculamos el coste del material, el tiempo de mecanizado, las m\u00e1quinas CNC utilizadas y los costes de las herramientas de corte. Los costes de mano de obra y el plazo de entrega tambi\u00e9n se incluyen en el presupuesto. Bas\u00e1ndonos en todos estos detalles, proporcionamos a nuestros clientes un presupuesto de mecanizado competitivo y detallado. P\u00f3ngase en contacto con nosotros para obtener m\u00e1s informaci\u00f3n sobre nuestros servicios de mecanizado.<\/p>\t\t\t\t\t\t\t\t<\/div>\n\t\t\t\t<\/div>\n\t\t\t\t\t<\/div>\n\t\t\t\t<\/div>\n\t\t<div class=\"elementor-element elementor-element-e5ca692 e-flex e-con-boxed e-con e-parent\" data-id=\"e5ca692\" data-element_type=\"container\" data-e-type=\"container\">\n\t\t\t\t\t<div class=\"e-con-inner\">\n\t\t<div class=\"elementor-element elementor-element-3114466 e-con-full e-flex e-con e-child\" data-id=\"3114466\" data-element_type=\"container\" data-e-type=\"container\">\n\t\t\t\t<\/div>\n\t\t<div class=\"elementor-element elementor-element-8fb80cb e-con-full e-flex e-con e-child\" data-id=\"8fb80cb\" data-element_type=\"container\" data-e-type=\"container\">\n\t\t\t\t<div class=\"elementor-element elementor-element-7fbbe58 elementor-widget elementor-widget-heading\" data-id=\"7fbbe58\" data-element_type=\"widget\" data-e-type=\"widget\" data-widget_type=\"heading.default\">\n\t\t\t\t<div class=\"elementor-widget-container\">\n\t\t\t\t\t<h2 class=\"elementor-heading-title elementor-size-default\">Rellene el formulario ahora<\/h2>\t\t\t\t<\/div>\n\t\t\t\t<\/div>\n\t\t\t\t<\/div>\n\t\t\t\t\t<\/div>\n\t\t\t\t<\/div>\n\t\t<div class=\"elementor-element elementor-element-86b0f43 e-grid e-con-boxed e-con e-parent\" data-id=\"86b0f43\" data-element_type=\"container\" data-e-type=\"container\">\n\t\t\t\t\t<div class=\"e-con-inner\">\n\t\t\t\t<div class=\"elementor-element elementor-element-924c3df elementor-widget elementor-widget-video\" data-id=\"924c3df\" data-element_type=\"widget\" data-e-type=\"widget\" data-settings=\"{&quot;video_type&quot;:&quot;hosted&quot;,&quot;autoplay&quot;:&quot;yes&quot;,&quot;play_on_mobile&quot;:&quot;yes&quot;,&quot;mute&quot;:&quot;yes&quot;,&quot;loop&quot;:&quot;yes&quot;}\" data-widget_type=\"video.default\">\n\t\t\t\t<div class=\"elementor-widget-container\">\n\t\t\t\t\t\t\t<div class=\"e-hosted-video elementor-wrapper elementor-open-inline\">\n\t\t\t\t\t<video class=\"elementor-video\" src=\"http:\/\/dogamakina.com\/wp-content\/uploads\/2024\/05\/talasli-imalat-fiyat-teklifi.mp4\" autoplay=\"\" loop=\"\" muted=\"muted\" playsinline=\"\" controlslist=\"nodownload\" poster=\"http:\/\/dogamakina.com\/wp-content\/uploads\/2024\/05\/mazak-5-scaled.jpg\"><\/video>\n\t\t\t\t<\/div>\n\t\t\t\t\t\t<\/div>\n\t\t\t\t<\/div>\n\t\t\t\t<div class=\"elementor-element elementor-element-b1b492e elementor-widget elementor-widget-html\" data-id=\"b1b492e\" data-element_type=\"widget\" data-e-type=\"widget\" data-widget_type=\"html.default\">\n\t\t\t\t<div class=\"elementor-widget-container\">\n\t\t\t\t\t<div class=\"forminator-ui forminator-custom-form forminator-custom-form-1863 forminator-design--default  forminator_ajax\" data-forminator-render=\"0\" data-form=\"forminator-module-1863\" data-uid=\"6a02091910c9e\"><br\/><\/div><form\n\t\t\t\tid=\"forminator-module-1863\"\n\t\t\t\tclass=\"forminator-ui forminator-custom-form forminator-custom-form-1863 forminator-design--default  forminator_ajax\"\n\t\t\t\tmethod=\"post\"\n\t\t\t\tdata-forminator-render=\"0\"\n\t\t\t\tdata-form-id=\"1863\"\n\t\t\t\tenctype=\"multipart\/form-data\" data-color-option=\"default\" data-design=\"default\" data-grid=\"open\" style=\"display: none;\"\n\t\t\t\tdata-uid=\"6a02091910c9e\" action=\"\"\n\t\t\t><div role=\"alert\" aria-live=\"polite\" class=\"forminator-response-message forminator-error\" aria-hidden=\"true\"><\/div><div class=\"forminator-row\"><div id=\"checkbox-1\" class=\"forminator-field-checkbox forminator-col forminator-col-12\"><div role=\"group\" class=\"forminator-field\" aria-labelledby=\"forminator-checkbox-group-forminator-field-checkbox-1-6a02091910c9e-label\"><span id=\"forminator-checkbox-group-forminator-field-checkbox-1-6a02091910c9e-label\" class=\"forminator-label\">Servicios<\/span><label id=\"forminator-field-checkbox-1-1-6a02091910c9e-label\" for=\"forminator-field-checkbox-1-1-6a02091910c9e\" class=\"forminator-checkbox\" title=\"Torno CNC\"><input type=\"checkbox\" name=\"checkbox-1[]\" value=\"service-1\" id=\"forminator-field-checkbox-1-1-6a02091910c9e\" aria-labelledby=\"forminator-field-checkbox-1-1-6a02091910c9e-label\" data-calculation=\"0\" checked=\"checked\" \/><span class=\"forminator-checkbox-box\" aria-hidden=\"true\"><\/span><span class=\"forminator-checkbox-label\">Torno CNC<\/span><\/label><label id=\"forminator-field-checkbox-1-2-6a02091910c9e-label\" for=\"forminator-field-checkbox-1-2-6a02091910c9e\" class=\"forminator-checkbox\" title=\"Fresado CNC\"><input type=\"checkbox\" name=\"checkbox-1[]\" value=\"service-2\" id=\"forminator-field-checkbox-1-2-6a02091910c9e\" aria-labelledby=\"forminator-field-checkbox-1-2-6a02091910c9e-label\" data-calculation=\"0\" checked=\"checked\" \/><span class=\"forminator-checkbox-box\" aria-hidden=\"true\"><\/span><span class=\"forminator-checkbox-label\">Fresado CNC<\/span><\/label><\/div><\/div><\/div><div class=\"forminator-row\"><div id=\"name-1\" class=\"forminator-field-name forminator-col forminator-col-12\"><div class=\"forminator-row forminator-no-margin\" data-multiple=\"true\"><div class=\"forminator-col forminator-col-md-6\"><div class=\"forminator-field\"><label for=\"forminator-field-first-name-1_6a02091910c9e\" id=\"forminator-field-first-name-1_6a02091910c9e-label\" class=\"forminator-label\">Su nombre <span class=\"forminator-required\">*<\/span><\/label><input type=\"text\" name=\"name-1-first-name\" placeholder=\"Anuncio\" id=\"forminator-field-first-name-1_6a02091910c9e\" class=\"forminator-input\" aria-required=\"true\" data-multi=\"1\" autocomplete=\"given-name\" value=\"\" \/><\/div><\/div><div class=\"forminator-col forminator-col-md-6\"><div class=\"forminator-field\"><label for=\"forminator-field-last-name-1_6a02091910c9e\" id=\"forminator-field-last-name-1_6a02091910c9e-label\" class=\"forminator-label\">Apellido <span class=\"forminator-required\">*<\/span><\/label><input type=\"text\" name=\"name-1-last-name\" placeholder=\"Apellido\" id=\"forminator-field-last-name-1_6a02091910c9e\" class=\"forminator-input\" aria-required=\"true\" data-multi=\"1\" autocomplete=\"family-name\" value=\"\" \/><\/div><\/div><\/div><\/div><\/div><div class=\"forminator-row\"><div id=\"email-1\" class=\"forminator-field-email forminator-col forminator-col-12\"><div class=\"forminator-field\"><label for=\"forminator-field-email-1_6a02091910c9e\" id=\"forminator-field-email-1_6a02091910c9e-label\" class=\"forminator-label\">Direcci\u00f3n de correo electr\u00f3nico <span class=\"forminator-required\">*<\/span><\/label><input type=\"email\" name=\"email-1\" value=\"\" placeholder=\"isim@sirket.com\" id=\"forminator-field-email-1_6a02091910c9e\" class=\"forminator-input forminator-email--field\" data-required=\"true\" aria-required=\"true\" autocomplete=\"email\" \/><\/div><\/div><\/div><div class=\"forminator-row\"><div id=\"phone-1\" class=\"forminator-field-phone forminator-col forminator-col-12\"><div class=\"forminator-field\"><label for=\"forminator-field-phone-1_6a02091910c9e\" id=\"forminator-field-phone-1_6a02091910c9e-label\" class=\"forminator-label\">N\u00famero de tel\u00e9fono <span class=\"forminator-required\">*<\/span><\/label><input type=\"text\" name=\"phone-1\" value=\"\" placeholder=\"+9 3004005000\" id=\"forminator-field-phone-1_6a02091910c9e\" class=\"forminator-input forminator-field--phone\" data-required=\"1\" aria-required=\"true\" autocomplete=\"off\" data-validation=\"1\" \/><\/div><\/div><\/div><div class=\"forminator-row\"><div id=\"select-1\" class=\"forminator-field-select forminator-col forminator-col-12\"><div class=\"forminator-field\"><label for=\"forminator-form-1863__field--select-1_6a02091910c9e\" id=\"forminator-form-1863__field--select-1_6a02091910c9e-label\" class=\"forminator-label\">N\u00famero de producci\u00f3n<\/label><select  id=\"forminator-form-1863__field--select-1_6a02091910c9e\" class=\"forminator-select--field forminator-select2 forminator-select2-multiple\" data-required=\"\" name=\"select-1\" data-default-value=\"\" data-hidden-behavior=\"zero\" data-placeholder=\"\" data-search=\"false\" data-search-placeholder=\"\" data-checkbox=\"false\" data-allow-clear=\"false\" aria-labelledby=\"forminator-form-1863__field--select-1_6a02091910c9e-label\"><option value=\"one\"  data-calculation=\"0\">1-50<\/option><option value=\"two\"  data-calculation=\"0\">51-100<\/option><option value=\"101-300\"  data-calculation=\"0\">101-300<\/option><option value=\"301-500\"  data-calculation=\"0\">301-500<\/option><option value=\"501-1000\"  data-calculation=\"0\">501-1000<\/option><option value=\"1001-ve-\u00fczeri\"  data-calculation=\"0\">1001 y superiores<\/option><\/select><\/div><\/div><\/div><div class=\"forminator-row\"><div id=\"textarea-1\" class=\"forminator-field-textarea forminator-col forminator-col-12\"><div class=\"forminator-field\"><label for=\"forminator-field-textarea-1_6a02091910c9e\" id=\"forminator-field-textarea-1_6a02091910c9e-label\" class=\"forminator-label\">Notas adicionales<\/label><textarea name=\"textarea-1\" placeholder=\"Material, cantidad, revestimiento, plazo, etc.\" id=\"forminator-field-textarea-1_6a02091910c9e\" class=\"forminator-textarea\" rows=\"6\" style=\"--forminator-textarea-min-height:140px;\" maxlength=\"180\" aria-describedby=\"forminator-field-textarea-1_6a02091910c9e-description\" ><\/textarea><span id=\"forminator-field-textarea-1_6a02091910c9e-description\" class=\"forminator-description\">Material, cantidad, revestimiento, plazo, etc.<span data-limit=\"180\" data-type=\"characters\" data-editor=\"\">0 \/ 180<\/span><\/span><\/div><\/div><\/div><div class=\"forminator-row\"><div id=\"upload-1\" class=\"forminator-field-upload forminator-col forminator-col-12\"><div class=\"forminator-field\"><label for=\"forminator-field-upload-1_6a02091910c9e\" id=\"forminator-field-upload-1_6a02091910c9e-label\" class=\"forminator-label\">Cargar archivo<\/label><div class=\"forminator-multi-upload\" data-element=\"upload-1_6a02091910c9e\" aria-describedby=\"forminator-field-upload-1_6a02091910c9e-description\"><input type=\"file\" name=\"upload-1[]\" id=\"forminator-field-upload-1_6a02091910c9e\" class=\"forminator-input-file forminator-field-upload-1_6a02091910c9e-1863\" multiple=\"multiple\" data-method=\"ajax\" accept=\".jpg,.jpeg,.jpe,.gif,.png,.bmp,.tiff,.tif,.webp,.avif,.ico,.heic,.tar,.zip,.gz,.gzip,.7z,.psd,.xcf,.svgz,.json,.pdf,.sldprt,.sldasm,.slddrw,.prtdot,.asmdot,.drwdot,.slddrt,.sldlfp,.sldftp,.sldctm,.igs,.iges,.step,.stp,.stl,.prtprp,.asmprp,.drwprp,.sldmat,.sldblk,.X_T,.dxf,.dwg\" data-size=\"8000000\" data-size-message=\"El tama\u00f1o m\u00e1ximo de archivo permitido es 8 MB. \" data-filetype=\"jpg|jpeg|jpe|gif|png|bmp|tiff|tif|webp|avif|ico|heic|tar|zip|gz|gzip|7z|psd|xcf|svgz|json|pdf|sldprt|sldasm|slddrw|prtdot|asmdot|drwdot|slddrt|sldlfp|sldftp|sldctm|igs|iges|step|stp|stl|prtprp|asmprp|drwprp|sldmat|sldblk|X_T|dxf|dwg\" data-filetype-message=\"la extensi\u00f3n del archivo no est\u00e1 permitida.\"><div class=\"forminator-multi-upload-message\" aria-hidden=\"true\"><span class=\"forminator-icon-upload\" aria-hidden=\"true\"><\/span><p>Arrastrar y soltar (o) <a class=\"forminator-upload-file--forminator-field-upload-1_6a02091910c9e\" href=\"#\" onclick=\"return false;\">cambiar archivos<\/a><\/p><\/div><\/div><span id=\"forminator-field-upload-1_6a02091910c9e-description\" class=\"forminator-description\">Puedes enviar varios archivos<\/span><ul class=\"forminator-uploaded-files upload-container-upload-1_6a02091910c9e\"><\/ul><\/div><\/div><\/div><input type=\"hidden\" name=\"referer_url\" value=\"\" \/><div class=\"forminator-row forminator-row-last\"><div class=\"forminator-col\"><div class=\"forminator-field\"><button class=\"forminator-button forminator-button-submit\">Solicitud de propuestas<\/button><\/div><\/div><\/div><input type=\"hidden\" id=\"forminator_nonce\" name=\"forminator_nonce\" value=\"0dd5fd6108\" \/><input type=\"hidden\" name=\"_wp_http_referer\" value=\"\/es\/wp-json\/wp\/v2\/pages\/2047\" \/><input type=\"hidden\" name=\"form_id\" value=\"1863\"><input type=\"hidden\" name=\"page_id\" value=\"2047\"><input type=\"hidden\" name=\"form_type\" value=\"default\"><input type=\"hidden\" name=\"current_url\" value=\"https:\/\/dogamakina.com\/es\/oferta-de-precios\/\"><input type=\"hidden\" name=\"render_id\" value=\"0\"><input type=\"hidden\" name=\"forminator-multifile-hidden\" class=\"forminator-multifile-hidden\"><input type=\"hidden\" name=\"action\" value=\"forminator_submit_form_custom-forms\"><label for=\"input_8\" class=\"forminator-hidden\" aria-hidden=\"true\">Por favor, no rellenes este campo. <input id=\"input_8\" type=\"text\" name=\"input_8\" value=\"\" autocomplete=\"off\"><\/label><input type=\"hidden\" name=\"trp-form-language\" value=\"es\"\/><\/form>\t\t\t\t<\/div>\n\t\t\t\t<\/div>\n\t\t\t\t\t<\/div>\n\t\t\t\t<\/div>\n\t\t\t\t<\/div>","protected":false},"excerpt":{"rendered":"<p>fiyat teklifi Tala\u015fl\u0131 \u0130malat Fiyat Teklifi \u0130ste Tala\u015fl\u0131 imalat teklifi haz\u0131rlarken, i\u015f par\u00e7as\u0131n\u0131n malzeme t\u00fcr\u00fc, boyutlar\u0131 ve i\u015flenme karma\u015f\u0131kl\u0131\u011f\u0131 gibi [&hellip;]<\/p>\n","protected":false},"author":1,"featured_media":0,"parent":0,"menu_order":0,"comment_status":"closed","ping_status":"closed","template":"","meta":{"_uag_custom_page_level_css":"","site-sidebar-layout":"no-sidebar","site-content-layout":"page-builder","ast-site-content-layout":"","site-content-style":"default","site-sidebar-style":"default","ast-global-header-display":"","ast-banner-title-visibility":"","ast-main-header-display":"","ast-hfb-above-header-display":"","ast-hfb-below-header-display":"","ast-hfb-mobile-header-display":"","site-post-title":"disabled","ast-breadcrumbs-content":"disabled","ast-featured-img":"disabled","footer-sml-layout":"","theme-transparent-header-meta":"enabled","adv-header-id-meta":"","stick-header-meta":"","header-above-stick-meta":"","header-main-stick-meta":"","header-below-stick-meta":"","astra-migrate-meta-layouts":"default","ast-page-background-enabled":"default","ast-page-background-meta":{"desktop":{"background-color":"var(--ast-global-color-4)","background-image":"","background-repeat":"repeat","background-position":"center center","background-size":"auto","background-attachment":"scroll","background-type":"","background-media":"","overlay-type":"","overlay-color":"","overlay-gradient":""},"tablet":{"background-color":"","background-image":"","background-repeat":"repeat","background-position":"center center","background-size":"auto","background-attachment":"scroll","background-type":"","background-media":"","overlay-type":"","overlay-color":"","overlay-gradient":""},"mobile":{"background-color":"","background-image":"","background-repeat":"repeat","background-position":"center center","background-size":"auto","background-attachment":"scroll","background-type":"","background-media":"","overlay-type":"","overlay-color":"","overlay-gradient":""}},"ast-content-background-meta":{"desktop":{"background-color":"var(--ast-global-color-5)","background-image":"","background-repeat":"repeat","background-position":"center center","background-size":"auto","background-attachment":"scroll","background-type":"","background-media":"","overlay-type":"","overlay-color":"","overlay-gradient":""},"tablet":{"background-color":"var(--ast-global-color-5)","background-image":"","background-repeat":"repeat","background-position":"center center","background-size":"auto","background-attachment":"scroll","background-type":"","background-media":"","overlay-type":"","overlay-color":"","overlay-gradient":""},"mobile":{"background-color":"var(--ast-global-color-5)","background-image":"","background-repeat":"repeat","background-position":"center center","background-size":"auto","background-attachment":"scroll","background-type":"","background-media":"","overlay-type":"","overlay-color":"","overlay-gradient":""}},"footnotes":""},"class_list":["post-2047","page","type-page","status-publish","hentry"],"uagb_featured_image_src":{"full":false,"thumbnail":false,"medium":false,"medium_large":false,"large":false,"1536x1536":false,"2048x2048":false,"trp-custom-language-flag":false},"uagb_author_info":{"display_name":"admin","author_link":"https:\/\/dogamakina.com\/es\/author\/gokahn\/"},"uagb_comment_info":0,"uagb_excerpt":"fiyat teklifi Tala\u015fl\u0131 \u0130malat Fiyat Teklifi \u0130ste Tala\u015fl\u0131 imalat teklifi haz\u0131rlarken, i\u015f par\u00e7as\u0131n\u0131n malzeme t\u00fcr\u00fc, boyutlar\u0131 ve i\u015flenme karma\u015f\u0131kl\u0131\u011f\u0131 gibi [&hellip;]","_links":{"self":[{"href":"https:\/\/dogamakina.com\/es\/wp-json\/wp\/v2\/pages\/2047","targetHints":{"allow":["GET"]}}],"collection":[{"href":"https:\/\/dogamakina.com\/es\/wp-json\/wp\/v2\/pages"}],"about":[{"href":"https:\/\/dogamakina.com\/es\/wp-json\/wp\/v2\/types\/page"}],"author":[{"embeddable":true,"href":"https:\/\/dogamakina.com\/es\/wp-json\/wp\/v2\/users\/1"}],"replies":[{"embeddable":true,"href":"https:\/\/dogamakina.com\/es\/wp-json\/wp\/v2\/comments?post=2047"}],"version-history":[{"count":40,"href":"https:\/\/dogamakina.com\/es\/wp-json\/wp\/v2\/pages\/2047\/revisions"}],"predecessor-version":[{"id":2091,"href":"https:\/\/dogamakina.com\/es\/wp-json\/wp\/v2\/pages\/2047\/revisions\/2091"}],"wp:attachment":[{"href":"https:\/\/dogamakina.com\/es\/wp-json\/wp\/v2\/media?parent=2047"}],"curies":[{"name":"wp","href":"https:\/\/api.w.org\/{rel}","templated":true}]}}